{"id":14,"date":"2014-02-02T23:18:45","date_gmt":"2014-02-02T23:18:45","guid":{"rendered":"http:\/\/www.casus.wroc.pl\/?page_id=14"},"modified":"2021-11-22T10:05:52","modified_gmt":"2021-11-22T10:05:52","slug":"czym-sie-zajmujemy","status":"publish","type":"page","link":"https:\/\/www.casus.wroc.pl\/de\/strona-glowna\/czym-sie-zajmujemy\/","title":{"rendered":"Womit wir uns besch\u00e4ftigen"},"content":{"rendered":"<p><\/p>\n<ul>\n<li class=\"services-icon-1\"><span> <span> <b class=\"icons-icon-building\"><\/b> Investitionsprozesse, Immobilien <\/span> <\/span><\/li>\n<li class=\"services-icon-2\"><span> <span><b class=\"icons-icon-law\"><\/b> Verwaltungsrecht<\/span> <\/span><\/li>\n<li class=\"services-icon-3\"><span> <span> <b class=\"icons-icon-temple\"><\/b> Kommunalverwaltung und adere Einheiten des Finanzwesens<\/span> <\/span><\/li>\n<li class=\"services-icon-4\"><span> <span><b class=\"icons-icon-male\"><\/b> Wirtschafsrecht und Gesellschaftsrecht<\/span> <\/span><\/li>\n<li class=\"services-icon-5\"><span> <span><b class=\"icons-icon-person\"><\/b> Zivilrecht<\/span> <\/span><\/li>\n<li class=\"services-icon-6\"><span> <span><b class=\"icons-icon-female\"><\/b> Arbeitsrecht<\/span> <\/span><\/li>\n<li class=\"services-icon-7\"><span> <span><b class=\"icons-icon-speaker\"><\/b> Recht der \u00f6ffentlichen Auftr\u00e4ge <\/span> <\/span><\/li>\n<li class=\"services-icon-8\"><span> <span><b class=\"icons-icon-persons\"><\/b> Rechtsstreitigkeiten, Sicherungsverfahren <\/span> <\/span><\/li>\n<li class=\"services-icon-9\"><span> <span><b class=\"icons-icon-hand\"><\/b> Forderungsmanagement <\/span> <\/span><\/li>\n<li class=\"services-icon-10\"><span> <span><b class=\"icons-icon-poland\"><\/b> Ausl\u00e4nder <\/span> <\/span><\/li>\n<li class=\"services-icon-11\"><span> <span><b class=\"icons-icon-hammer\"><\/b> Insolvenz- und Sanierungsrecht <\/span> <\/span><\/li>\n<li class=\"services-icon-12\"><span> <span><b class=\"icons-icon-eu\"><\/b> EU-F\u00f6rderungen <\/span> <\/span><\/li>\n<\/ul>\n<p>&nbsp;<\/p>\n<\/p>\n<p><\/p>","protected":false},"excerpt":{"rendered":"<p>Investitionsprozesse, Immobilien Verwaltungsrecht Kommunalverwaltung und adere Einheiten des Finanzwesens Wirtschafsrecht und Gesellschaftsrecht Zivilrecht Arbeitsrecht Recht der \u00f6ffentlichen Auftr\u00e4ge Rechtsstreitigkeiten, Sicherungsverfahren Forderungsmanagement Ausl\u00e4nder Insolvenz- und Sanierungsrecht EU-F\u00f6rderungen &nbsp;<\/p>\n","protected":false},"author":1,"featured_media":0,"parent":5,"menu_order":0,"comment_status":"open","ping_status":"open","template":"","meta":{"footnotes":""},"tags":[],"class_list":["post-14","page","type-page","status-publish","hentry"],"aioseo_notices":[],"_links":{"self":[{"href":"https:\/\/www.casus.wroc.pl\/de\/wp-json\/wp\/v2\/pages\/14"}],"collection":[{"href":"https:\/\/www.casus.wroc.pl\/de\/wp-json\/wp\/v2\/pages"}],"about":[{"href":"https:\/\/www.casus.wroc.pl\/de\/wp-json\/wp\/v2\/types\/page"}],"author":[{"embeddable":true,"href":"https:\/\/www.casus.wroc.pl\/de\/wp-json\/wp\/v2\/users\/1"}],"replies":[{"embeddable":true,"href":"https:\/\/www.casus.wroc.pl\/de\/wp-json\/wp\/v2\/comments?post=14"}],"version-history":[{"count":35,"href":"https:\/\/www.casus.wroc.pl\/de\/wp-json\/wp\/v2\/pages\/14\/revisions"}],"predecessor-version":[{"id":1203,"href":"https:\/\/www.casus.wroc.pl\/de\/wp-json\/wp\/v2\/pages\/14\/revisions\/1203"}],"up":[{"embeddable":true,"href":"https:\/\/www.casus.wroc.pl\/de\/wp-json\/wp\/v2\/pages\/5"}],"wp:attachment":[{"href":"https:\/\/www.casus.wroc.pl\/de\/wp-json\/wp\/v2\/media?parent=14"}],"wp:term":[{"taxonomy":"post_tag","embeddable":true,"href":"https:\/\/www.casus.wroc.pl\/de\/wp-json\/wp\/v2\/tags?post=14"}],"curies":[{"name":"wp","href":"https:\/\/api.w.org\/{rel}","templated":true}]}}