{"id":21,"date":"2014-02-03T08:08:17","date_gmt":"2014-02-03T08:08:17","guid":{"rendered":"http:\/\/www.casus.wroc.pl\/?page_id=21"},"modified":"2024-04-29T10:00:11","modified_gmt":"2024-04-29T10:00:11","slug":"zespol","status":"publish","type":"page","link":"https:\/\/www.casus.wroc.pl\/de\/team\/","title":{"rendered":"Team"},"content":{"rendered":"<p>&nbsp;<\/p>\n<p class=\"gradient gradient-gold\" style=\"text-align: justify;\">Die Mitarbeiter der Kanzlei bilden ein Team der erfahrenen und gut ausgebildeten Personen.<\/p>\n<p style=\"text-align: justify;\">Unser Team bilden 9 Rechtsanw\u00e4lten, 2 Rechtsanwaltsreferendaren, 1 Rechtsanwaltsgehilfe, 2 Sekret\u00e4rinnen und Haushalts-\/Verwaltungsmitarbeiter.<\/p>\n<p style=\"text-align: justify;\">Die Mitarbeiter unser Kanzlei sind Absolventen von renommierten polnischen und ausl\u00e4ndischen Hochschulen, sprechen fliessend Fremdsprachen (Englisch, Deutsch). Die vorstehend genannten Vorteile erlauben uns, in Verbindung mit der Berufserfahrung, unseren Mandanten ein breites Spektrum an rechtlichen Dienstleistungen zu bieten, unabh\u00e4ngig von Gr\u00f6ssenordnung oder Herkunftsland des jeweiligen Unternehmens. Da unser Juristenteam der Kanzlei gross ist, haben wir die M\u00f6glichkeit die am besten geeignete Person f\u00fcr unseren Mandanten oder f\u00fcr einen konkreten Fall zu w\u00e4hlen.<\/p>\n<p style=\"text-align: justify;\">Wir arbeiten mit einem Steuerberater, Wirtschaftspr\u00fcfer, Notar, sowie mit ausl\u00e4ndischen Juristen zusammen, wenn dies f\u00fcr Rechtshilfeleistung f\u00fcr unsere Mandanten erforderlich ist.<\/p>\n<p style=\"text-align: justify;\">Wir bilden ein gut aufeinander eingespieltes und organisiertes Team, das auf Leistung der Rechtsberatung auf dem h\u00f6chsten Niveau eingestellt ist.<\/p>\n<hr \/>\n<p>&nbsp;<\/p>","protected":false},"excerpt":{"rendered":"<p>&nbsp; Die Mitarbeiter der Kanzlei bilden ein Team der erfahrenen und gut ausgebildeten Personen. Unser Team bilden 9 Rechtsanw\u00e4lten, 2 Rechtsanwaltsreferendaren, 1 Rechtsanwaltsgehilfe, 2 Sekret\u00e4rinnen und Haushalts-\/Verwaltungsmitarbeiter. Die Mitarbeiter unser Kanzlei sind Absolventen von renommierten polnischen und ausl\u00e4ndischen Hochschulen, sprechen fliessend Fremdsprachen (Englisch, Deutsch). Die vorstehend genannten Vorteile erlauben uns, in Verbindung mit der Berufserfahrung, [&hellip;]<\/p>\n","protected":false},"author":1,"featured_media":1153,"parent":0,"menu_order":10,"comment_status":"open","ping_status":"open","template":"team-page.php","meta":{"footnotes":""},"tags":[],"class_list":["post-21","page","type-page","status-publish","has-post-thumbnail","hentry"],"aioseo_notices":[],"_links":{"self":[{"href":"https:\/\/www.casus.wroc.pl\/de\/wp-json\/wp\/v2\/pages\/21"}],"collection":[{"href":"https:\/\/www.casus.wroc.pl\/de\/wp-json\/wp\/v2\/pages"}],"about":[{"href":"https:\/\/www.casus.wroc.pl\/de\/wp-json\/wp\/v2\/types\/page"}],"author":[{"embeddable":true,"href":"https:\/\/www.casus.wroc.pl\/de\/wp-json\/wp\/v2\/users\/1"}],"replies":[{"embeddable":true,"href":"https:\/\/www.casus.wroc.pl\/de\/wp-json\/wp\/v2\/comments?post=21"}],"version-history":[{"count":52,"href":"https:\/\/www.casus.wroc.pl\/de\/wp-json\/wp\/v2\/pages\/21\/revisions"}],"predecessor-version":[{"id":1245,"href":"https:\/\/www.casus.wroc.pl\/de\/wp-json\/wp\/v2\/pages\/21\/revisions\/1245"}],"wp:featuredmedia":[{"embeddable":true,"href":"https:\/\/www.casus.wroc.pl\/de\/wp-json\/wp\/v2\/media\/1153"}],"wp:attachment":[{"href":"https:\/\/www.casus.wroc.pl\/de\/wp-json\/wp\/v2\/media?parent=21"}],"wp:term":[{"taxonomy":"post_tag","embeddable":true,"href":"https:\/\/www.casus.wroc.pl\/de\/wp-json\/wp\/v2\/tags?post=21"}],"curies":[{"name":"wp","href":"https:\/\/api.w.org\/{rel}","templated":true}]}}