{"id":83,"date":"2014-02-05T08:11:20","date_gmt":"2014-02-05T08:11:20","guid":{"rendered":"http:\/\/www.casus.wroc.pl\/?page_id=83"},"modified":"2024-04-29T09:55:42","modified_gmt":"2024-04-29T09:55:42","slug":"historia-kancelarii","status":"publish","type":"page","link":"https:\/\/www.casus.wroc.pl\/de\/uber-die-kanzlei\/","title":{"rendered":"\u00dcber die Kanzlei"},"content":{"rendered":"<p><\/p>\n<p class=\"gradient gradient-gold\">Die Rechtsanwaltskanzlei wurde am 16 September 1991 durch die Anw\u04d3lte Violetta Anweiler und Piotr D\u0119bski gegr\u00fcndet. Die Firma der Rechtsanwaltskanzlei lautete Rechtsanwaltskanzlei CASUS Gesellschaft des B\u00fcrgerlichen Rechts. Sitz der Kanzlei seit dem Beginn ihrer Existenz ist die Hauptstadt von Niederschlesien\u00a0&#8211;\u00a0Wroc\u0142aw.<\/p>\n<p style=\"text-align: justify;\">Im Jahre 1994 hat zu dem Anwaltskreis die Anw\u04d3ltin Eleonora Szantyr angeschlossen. Im Jahre 2008 haben zu dem Anwaltskreis auch die\u00a0Anw\u04d3lte Magdalena Kotulla und Krzysztof Kwa\u015bniewicz angeschlossen.<\/p>\n<p class=\"gradient gradient-gold\" style=\"text-align: justify;\">Im Jahr 2021 begeht die Kanzlei 30-j\u00e4hriges Jubil\u00e4um ihrer T\u00e4tigkeit.<\/p>\n<p style=\"text-align: justify;\">Am 21 Juli 2012 pl\u04e7tzlich und unerwartet verlie\u00df den Rechtsanwaltskreis die Anw\u04d3ltin Eleonora Szantyr. Ihr Tod hatte zu Folge, dass die Rechtsanwaltskanzlei nicht nur einen Gesellschafter verlor aber auch die hervorragende Rechtsanw\u04d3ltin.<\/p>\n<p style=\"text-align: justify;\">Zum 31 Dezember 2015 ist Herr Piotr D\u0119bski, Mitbegr\u00fcnder der Kanzlei, in den Ruhestand getreten und somit hat er den Kreis der Gesellschafter verlassen, wobei er jedoch weiterhin im Team der Kanzlei bleibt, und sie mit seinem Wissen und Erfahrung unterst\u00fctzt<\/p>\n<p style=\"text-align: justify;\">Ab 1. Januar 2020 hat zu dem Anwaltskreis der Anwalt Tomasz Mazur, ein langj\u00e4hriger Mitarbeiter der Kanzlei, angeschlossen.<\/p>\n<p>Zum 31 Dezember 2023 ist Frau Violetta Anweiler, Mitbegr\u00fcnderin der Kanzlei, in den wohlverdienten Ruhestand getreten.<\/p>\n<p>&nbsp;<\/p>","protected":false},"excerpt":{"rendered":"<p class=\"qtranxs-available-languages-message qtranxs-available-languages-message-de\">Leider ist der Eintrag nur auf <a href=\"https:\/\/www.casus.wroc.pl\/pl\/wp-json\/wp\/v2\/pages\/83\" class=\"qtranxs-available-language-link qtranxs-available-language-link-pl\" title=\"Polski\">Polski<\/a> verf\u00fcgbar.<\/p>\n","protected":false},"author":1,"featured_media":1177,"parent":0,"menu_order":3,"comment_status":"open","ping_status":"open","template":"","meta":{"footnotes":""},"tags":[],"class_list":["post-83","page","type-page","status-publish","has-post-thumbnail","hentry"],"aioseo_notices":[],"_links":{"self":[{"href":"https:\/\/www.casus.wroc.pl\/de\/wp-json\/wp\/v2\/pages\/83"}],"collection":[{"href":"https:\/\/www.casus.wroc.pl\/de\/wp-json\/wp\/v2\/pages"}],"about":[{"href":"https:\/\/www.casus.wroc.pl\/de\/wp-json\/wp\/v2\/types\/page"}],"author":[{"embeddable":true,"href":"https:\/\/www.casus.wroc.pl\/de\/wp-json\/wp\/v2\/users\/1"}],"replies":[{"embeddable":true,"href":"https:\/\/www.casus.wroc.pl\/de\/wp-json\/wp\/v2\/comments?post=83"}],"version-history":[{"count":70,"href":"https:\/\/www.casus.wroc.pl\/de\/wp-json\/wp\/v2\/pages\/83\/revisions"}],"predecessor-version":[{"id":89,"href":"https:\/\/www.casus.wroc.pl\/de\/wp-json\/wp\/v2\/pages\/83\/revisions\/89"}],"wp:featuredmedia":[{"embeddable":true,"href":"https:\/\/www.casus.wroc.pl\/de\/wp-json\/wp\/v2\/media\/1177"}],"wp:attachment":[{"href":"https:\/\/www.casus.wroc.pl\/de\/wp-json\/wp\/v2\/media?parent=83"}],"wp:term":[{"taxonomy":"post_tag","embeddable":true,"href":"https:\/\/www.casus.wroc.pl\/de\/wp-json\/wp\/v2\/tags?post=83"}],"curies":[{"name":"wp","href":"https:\/\/api.w.org\/{rel}","templated":true}]}}