{"id":87,"date":"2014-02-05T08:38:30","date_gmt":"2014-02-05T08:38:30","guid":{"rendered":"http:\/\/www.casus.wroc.pl\/?page_id=87"},"modified":"2024-04-29T10:18:30","modified_gmt":"2024-04-29T10:18:30","slug":"kariera","status":"publish","type":"page","link":"https:\/\/www.casus.wroc.pl\/de\/karriere\/","title":{"rendered":"Karriere"},"content":{"rendered":"<p><\/p>\n<p class=\"gradient gradient-gold\">Dank der M\u00f6glichkeit, bei uns ein Praktikum abzuleisten, tr\u00e4gt unsere Kanzlei schon seit mehreren Jahren dazu bei, dass die Kenntnisse von Studenten und Jurahochschulabsolventen auf verschiedenen Rechtsgebieten vertieft werden.<\/p>\n<p style=\"text-align: justify;\">W\u00e4hrend des ganzen Kalenderjahres organisieren wir f\u00fcr ehrgeizige und sich auszeichnende Studenten sowie f\u00fcr Juraabsolventen Praktiken, w\u00e4hrend deren diese Personen mit erfahrenen Juristen zusammenarbeiten und dabei praktische Rechtsf\u00e4higkeiten erwerben.<\/p>\n<p style=\"text-align: justify;\">Die Personen, die in unserer Kanzlei das Praktikum ableisten, lernen u.a. die Erstellung von Prozessschrifts\u00e4tzen und Rechtsgutachten, die Fassung von Handelsvertr\u00e4gen, als auch die Erstellung von Schrifts\u00e4tzen und Antr\u00e4ge an Staats- und Selbstverwaltungsbeh\u00f6rden. Sie lernen die Regeln der B\u00fcroarbeit, als auch der Bedienung von B\u00fcroger\u00e4ten.<\/p>\n<p style=\"text-align: justify;\">Die Personen, die bei uns das Praktikum ableisten, legen erfolgreich die Universit\u00e4tspr\u00fcfungen ab. Das Wissen und die Erfahrung, die w\u00e4hrend des Praktikums in unserer Kanzlei erworben werden, haben mehrmals bei verschiedenen Referendarpr\u00fcfungen und bei Arbeitssuche geholfen.<\/p>\n<hr \/>\n<p style=\"text-align: justify;\">Die Personen, die an Praktiken in unserer Kanzlei interessiert sind, bitten wir um Zusendung von CV samt Informationen \u00fcber die bisher abgeleisteten Praktiken, die eventuelle Berufserfahrung, den aktuellen Ausbildungsgrad, die EDV- und Fremdsprachenkenntnisse.<\/p>\n<p class=\"gradient gradient-gold\" style=\"text-align: justify;\">Die vorgenannten Daten \u00fcbermitteln Sie bitte per E-Mail an <a style=\"color: #2e3337;\" href=\"mailto:casus@casus.wroc.pl.\">casus@casus.wroc.pl.<\/a><\/p>\n<p>&nbsp;<\/p>\n<p>&nbsp;<\/p>\n<p>&nbsp;<\/p>","protected":false},"excerpt":{"rendered":"<p>Dank der M\u00f6glichkeit, bei uns ein Praktikum abzuleisten, tr\u00e4gt unsere Kanzlei schon seit mehreren Jahren dazu bei, dass die Kenntnisse von Studenten und Jurahochschulabsolventen auf verschiedenen Rechtsgebieten vertieft werden. W\u00e4hrend des ganzen Kalenderjahres organisieren wir f\u00fcr ehrgeizige und sich auszeichnende Studenten sowie f\u00fcr Juraabsolventen Praktiken, w\u00e4hrend deren diese Personen mit erfahrenen Juristen zusammenarbeiten und dabei [&hellip;]<\/p>\n","protected":false},"author":1,"featured_media":97,"parent":0,"menu_order":3,"comment_status":"open","ping_status":"open","template":"","meta":{"footnotes":""},"tags":[],"class_list":["post-87","page","type-page","status-publish","has-post-thumbnail","hentry"],"aioseo_notices":[],"_links":{"self":[{"href":"https:\/\/www.casus.wroc.pl\/de\/wp-json\/wp\/v2\/pages\/87"}],"collection":[{"href":"https:\/\/www.casus.wroc.pl\/de\/wp-json\/wp\/v2\/pages"}],"about":[{"href":"https:\/\/www.casus.wroc.pl\/de\/wp-json\/wp\/v2\/types\/page"}],"author":[{"embeddable":true,"href":"https:\/\/www.casus.wroc.pl\/de\/wp-json\/wp\/v2\/users\/1"}],"replies":[{"embeddable":true,"href":"https:\/\/www.casus.wroc.pl\/de\/wp-json\/wp\/v2\/comments?post=87"}],"version-history":[{"count":60,"href":"https:\/\/www.casus.wroc.pl\/de\/wp-json\/wp\/v2\/pages\/87\/revisions"}],"predecessor-version":[{"id":1250,"href":"https:\/\/www.casus.wroc.pl\/de\/wp-json\/wp\/v2\/pages\/87\/revisions\/1250"}],"wp:featuredmedia":[{"embeddable":true,"href":"https:\/\/www.casus.wroc.pl\/de\/wp-json\/wp\/v2\/media\/97"}],"wp:attachment":[{"href":"https:\/\/www.casus.wroc.pl\/de\/wp-json\/wp\/v2\/media?parent=87"}],"wp:term":[{"taxonomy":"post_tag","embeddable":true,"href":"https:\/\/www.casus.wroc.pl\/de\/wp-json\/wp\/v2\/tags?post=87"}],"curies":[{"name":"wp","href":"https:\/\/api.w.org\/{rel}","templated":true}]}}