{"id":9,"date":"2014-02-02T19:50:36","date_gmt":"2014-02-02T19:50:36","guid":{"rendered":"http:\/\/www.casus.wroc.pl\/?page_id=9"},"modified":"2014-07-15T13:56:47","modified_gmt":"2014-07-15T13:56:47","slug":"o-kancelarii","status":"publish","type":"page","link":"https:\/\/www.casus.wroc.pl\/de\/o-kancelarii\/","title":{"rendered":"\u00dcber die Kanzlei"},"content":{"rendered":"<p><\/p>\n<p><p class=\"gradient gradient-gold\">Die Rechtsanwaltskanzlei wurde am 16 September 1991 durch die Anw\u04d3lte Violetta Anweiler und Piotr D\u0119bski gegr\u00fcndet. Die Firma der Rechtsanwaltskanzlei lautete Rechtsanwaltskanzlei CASUS Gesellschaft des B\u00fcrgerlichen Rechts. Sitz der Kanzlei seit dem Beginn ihrer Existenz ist die Hauptstadt von Niederschlesien\u00a0&#8211;\u00a0Wroc\u0142aw.<\/p>\n<p style=\"text-align: justify;\">Im Jahre 1994 hat zu dem Anwaltskreis die Anw\u04d3ltin Eleonora Szantyr angeschlossen.<\/p>\n<p style=\"text-align: justify;\">Im Jahre 2001 wurde die bisherige Firma der Rechtsanwaltskanzlei durch eine neue ersetzt, die lautete V. Anweiler, P. D\u0119bski, E. Szantyr Rechtsanwaltskanzlei CASUS Gesellschaft des B\u00fcrgerlichen Rechts.<\/p>\n<p style=\"text-align: justify;\">So bestimmte Firma der Rechtsanwaltskanzlei blieb unver\u04d3ndert bis zu dem Jahr 2008, ver\u04d3ndert wurde nur die organisatorisch rechtliche Form, denn im Jahre 2002 hat sich die Rechtsanwaltskanzlei von einer Gesellschaft der B\u00fcrgerlichen Rechts in eine offene Gesellschaft umgewandelt.<\/p>\n<p style=\"text-align: justify;\">N\u04d3chste \u04d2nderung der Firma der Rechtsanwaltskanzlei erfolgte am Anfang des Jahres 2008, in Zusammenhang mit dem Beitritt zu der Gesellschaft neuer Gesellschafter: des Anwalts Magdalena Kotulla und des Anwalts Krzysztof Kwa\u015bniewicz, als auch in Zusammenhang mit der Erforderlichkeit der Unterscheidung der Rechtsanwaltskanzleifirma auf dem Markt der Rechtsdienstleistungen von anderen Subjekten. Der Gesellschaft wurde damals die Firma gegeben: V. Anweiler, P. D\u0119bski, E. Szantyr und Gesellschafter Rechtsanwaltskanzlei CASUS IURIS offene Gesellschaft.<\/p>\n<p class=\"gradient gradient-gold\" style=\"text-align: justify;\">Im Jahre 2011 feierte die Rechtsanwaltskanzlei ihren XX \u2013 j\u04d3hrige Existenz.<\/p>\n<p style=\"text-align: justify;\">Am 21 Juli 2012 pl\u04e7tzlich und unerwartet verlie\u00df den Rechtsanwaltskreis die Anw\u04d3ltin Eleonora Szantyr. Ihr Tod hatte zu Folge, dass die Rechtsanwaltskanzlei nicht nur einen Gesellschafter verlor aber auch die hervorragende Rechtsanw\u04d3ltin.<\/p>\n<p style=\"text-align: justify;\">Seit M\u04d3rz 2014 ist die Rechtanwaltskanzlei unter der Firma V. Anweiler, P. D\u0119bski, M. Kotulla, K. Kwa\u015bniewicz Rechtsanwaltskanzlei CASUS IURIS offene Gesellschaft t\u04d3tig.<\/p>\n<p>\u00a0<\/p>\n<p>\u00a0<\/p>\n<\/p>\n<p><\/p>","protected":false},"excerpt":{"rendered":"<p>Od 20 lat z powodzeniem wsp\u00f3\u0142pracujemy z polskimi oraz zagranicznymi podmiotami gospodarczymi, \u015bwiadcz\u0105c na ich rzecz kompleksow\u0105 obs\u0142ug\u0119 prawn\u0105. Naszymi klientami s\u0105 zar\u00f3wno mali i \u015bredni przedsi\u0119biorcy, jak i du\u017ce polskie oraz mi\u0119dzynarodowe koncerny o r\u00f3\u017cnym profilu dzia\u0142alno\u015bci, a tak\u017ce jednostki samorz\u0105du terytorialnego oraz organy administracji pa\u0144stwowej<\/p>\n","protected":false},"author":1,"featured_media":53,"parent":0,"menu_order":9,"comment_status":"open","ping_status":"open","template":"about-page.php","meta":{"footnotes":""},"tags":[],"class_list":["post-9","page","type-page","status-publish","has-post-thumbnail","hentry"],"aioseo_notices":[],"_links":{"self":[{"href":"https:\/\/www.casus.wroc.pl\/de\/wp-json\/wp\/v2\/pages\/9"}],"collection":[{"href":"https:\/\/www.casus.wroc.pl\/de\/wp-json\/wp\/v2\/pages"}],"about":[{"href":"https:\/\/www.casus.wroc.pl\/de\/wp-json\/wp\/v2\/types\/page"}],"author":[{"embeddable":true,"href":"https:\/\/www.casus.wroc.pl\/de\/wp-json\/wp\/v2\/users\/1"}],"replies":[{"embeddable":true,"href":"https:\/\/www.casus.wroc.pl\/de\/wp-json\/wp\/v2\/comments?post=9"}],"version-history":[{"count":36,"href":"https:\/\/www.casus.wroc.pl\/de\/wp-json\/wp\/v2\/pages\/9\/revisions"}],"predecessor-version":[{"id":434,"href":"https:\/\/www.casus.wroc.pl\/de\/wp-json\/wp\/v2\/pages\/9\/revisions\/434"}],"wp:featuredmedia":[{"embeddable":true,"href":"https:\/\/www.casus.wroc.pl\/de\/wp-json\/wp\/v2\/media\/53"}],"wp:attachment":[{"href":"https:\/\/www.casus.wroc.pl\/de\/wp-json\/wp\/v2\/media?parent=9"}],"wp:term":[{"taxonomy":"post_tag","embeddable":true,"href":"https:\/\/www.casus.wroc.pl\/de\/wp-json\/wp\/v2\/tags?post=9"}],"curies":[{"name":"wp","href":"https:\/\/api.w.org\/{rel}","templated":true}]}}