{"id":19,"date":"2014-02-03T08:08:06","date_gmt":"2014-02-03T08:08:06","guid":{"rendered":"http:\/\/www.casus.wroc.pl\/?page_id=19"},"modified":"2016-04-04T08:18:29","modified_gmt":"2016-04-04T08:18:29","slug":"zakres-uslug","status":"publish","type":"page","link":"https:\/\/www.casus.wroc.pl\/en\/zakres-uslug\/","title":{"rendered":"Services"},"content":{"rendered":"<p><\/p>\n<p>Naszym atutem jest elastyczno\u015b\u0107 i szerokie otwarcie na potrzeby klienta. Poszczeg\u00f3lny klient sam wybiera najbardziej korzystn\u0105 dla niego opcj\u0119 wsp\u00f3\u0142pracy z kancelari\u0105. W zale\u017cno\u015bci od potrzeb danego przedsi\u0119biorcy, oferujemy kompleksow\u0105 obs\u0142ug\u0119 prawn\u0105 opart\u0105 na umowie o sta\u0142ej wsp\u00f3\u0142pracy, b\u0105d\u017a pomoc dora\u017an\u0105 w oparciu o umow\u0119 na wykonanie konkretnego zlecenia.<\/p>\n<\/p>\n<p><\/p>","protected":false},"excerpt":{"rendered":"<p>Naszym atutem jest elastyczno\u015b\u0107 i szerokie otwarcie na potrzeby klienta. Poszczeg\u00f3lny klient sam wybiera najbardziej korzystn\u0105 dla niego opcj\u0119 wsp\u00f3\u0142pracy z kancelari\u0105. W zale\u017cno\u015bci od potrzeb danego przedsi\u0119biorcy, oferujemy kompleksow\u0105 obs\u0142ug\u0119 prawn\u0105 opart\u0105 na umowie o sta\u0142ej wsp\u00f3\u0142pracy, b\u0105d\u017a pomoc dora\u017an\u0105 w oparciu o umow\u0119 na wykonanie konkretnego zlecenia.<\/p>\n","protected":false},"author":1,"featured_media":188,"parent":0,"menu_order":5,"comment_status":"open","ping_status":"open","template":"services.php","meta":{"footnotes":""},"tags":[],"class_list":["post-19","page","type-page","status-publish","has-post-thumbnail","hentry"],"aioseo_notices":[],"_links":{"self":[{"href":"https:\/\/www.casus.wroc.pl\/en\/wp-json\/wp\/v2\/pages\/19"}],"collection":[{"href":"https:\/\/www.casus.wroc.pl\/en\/wp-json\/wp\/v2\/pages"}],"about":[{"href":"https:\/\/www.casus.wroc.pl\/en\/wp-json\/wp\/v2\/types\/page"}],"author":[{"embeddable":true,"href":"https:\/\/www.casus.wroc.pl\/en\/wp-json\/wp\/v2\/users\/1"}],"replies":[{"embeddable":true,"href":"https:\/\/www.casus.wroc.pl\/en\/wp-json\/wp\/v2\/comments?post=19"}],"version-history":[{"count":17,"href":"https:\/\/www.casus.wroc.pl\/en\/wp-json\/wp\/v2\/pages\/19\/revisions"}],"predecessor-version":[{"id":886,"href":"https:\/\/www.casus.wroc.pl\/en\/wp-json\/wp\/v2\/pages\/19\/revisions\/886"}],"wp:featuredmedia":[{"embeddable":true,"href":"https:\/\/www.casus.wroc.pl\/en\/wp-json\/wp\/v2\/media\/188"}],"wp:attachment":[{"href":"https:\/\/www.casus.wroc.pl\/en\/wp-json\/wp\/v2\/media?parent=19"}],"wp:term":[{"taxonomy":"post_tag","embeddable":true,"href":"https:\/\/www.casus.wroc.pl\/en\/wp-json\/wp\/v2\/tags?post=19"}],"curies":[{"name":"wp","href":"https:\/\/api.w.org\/{rel}","templated":true}]}}