{"id":25,"date":"2014-02-03T08:08:43","date_gmt":"2014-02-03T08:08:43","guid":{"rendered":"http:\/\/www.casus.wroc.pl\/?page_id=25"},"modified":"2025-04-03T10:33:23","modified_gmt":"2025-04-03T10:33:23","slug":"kontakt","status":"publish","type":"page","link":"https:\/\/www.casus.wroc.pl\/en\/kontakt\/","title":{"rendered":"Contact"},"content":{"rendered":"<p><strong>Kotulla Kwa\u015bniewicz Mazur<\/strong><\/p>\n<p><strong>Kancelaria Radc\u00f3w Prawnych \u201eCASUS IURIS\u201d Sp\u00f3\u0142ka Jawna<\/strong><\/p>\n<p class=\"adr\"><span class=\"street-address\">ul. Powsta\u0144c\u00f3w \u015al\u0105skich 7A (budynek GLOBIS)<\/span>, 53-332 <span class=\"locality\">Wroc\u0142aw<\/span><\/p>\n<p class=\"tel\">tel. (+71) 3384537, 3384550, 3384256, 3619541<\/p>\n<p>e-mail: <a class=\"email\" href=\"mailto:casus@casus.wroc.pl\">casus@casus.wroc.pl<\/a><\/p>\n<p>\n<div class=\"wpcf7 no-js\" id=\"wpcf7-f629-o2\" lang=\"fr-FR\" dir=\"ltr\" data-wpcf7-id=\"629\">\n<div class=\"screen-reader-response\"><p role=\"status\" aria-live=\"polite\" aria-atomic=\"true\"><\/p> <ul><\/ul><\/div>\n<form action=\"\/en\/wp-json\/wp\/v2\/pages\/25#wpcf7-f629-o2\" method=\"post\" class=\"wpcf7-form init\" aria-label=\"Contact form\" enctype=\"multipart\/form-data\" novalidate=\"novalidate\" data-status=\"init\">\n<div style=\"display: none;\">\n<input type=\"hidden\" name=\"_wpcf7\" value=\"629\" \/>\n<input type=\"hidden\" name=\"_wpcf7_version\" value=\"6.0\" \/>\n<input type=\"hidden\" name=\"_wpcf7_locale\" value=\"fr_FR\" \/>\n<input type=\"hidden\" name=\"_wpcf7_unit_tag\" value=\"wpcf7-f629-o2\" \/>\n<input type=\"hidden\" name=\"_wpcf7_container_post\" value=\"0\" \/>\n<input type=\"hidden\" name=\"_wpcf7_posted_data_hash\" value=\"\" \/>\n<\/div>\n<h2>Write to us\n<\/h2>\n<div class=\"form-left\">\n\t<p><br \/>\n<span class=\"wpcf7-form-control-wrap\" data-name=\"your-name\"><input size=\"40\" maxlength=\"400\" class=\"wpcf7-form-control wpcf7-text wpcf7-validates-as-required\" aria-required=\"true\" aria-invalid=\"false\" placeholder=\"Full name*\" value=\"\" type=\"text\" name=\"your-name\" \/><\/span>\n\t<\/p>\n\t<p><br \/>\n<span class=\"wpcf7-form-control-wrap\" data-name=\"your-company\"><input size=\"40\" maxlength=\"400\" class=\"wpcf7-form-control wpcf7-text\" aria-invalid=\"false\" placeholder=\"Company name\" value=\"\" type=\"text\" name=\"your-company\" \/><\/span>\n\t<\/p>\n\t<p><br \/>\n<span class=\"wpcf7-form-control-wrap\" data-name=\"your-email\"><input size=\"40\" maxlength=\"400\" class=\"wpcf7-form-control wpcf7-email wpcf7-validates-as-required wpcf7-text wpcf7-validates-as-email\" aria-required=\"true\" aria-invalid=\"false\" placeholder=\"E-mail address*\" value=\"\" type=\"email\" name=\"your-email\" \/><\/span>\n\t<\/p>\n\t<p><br \/>\n<span class=\"wpcf7-form-control-wrap\" data-name=\"tel-567\"><input size=\"40\" maxlength=\"400\" class=\"wpcf7-form-control wpcf7-tel wpcf7-text wpcf7-validates-as-tel\" aria-invalid=\"false\" placeholder=\"Phone number\" value=\"\" type=\"tel\" name=\"tel-567\" \/><\/span>\n\t<\/p>\n\t<p><br \/>\n<span class=\"wpcf7-form-control-wrap\" data-name=\"file-759\"><input size=\"40\" class=\"wpcf7-form-control wpcf7-file\" accept=\"audio\/*,video\/*,image\/*\" aria-invalid=\"false\" type=\"file\" name=\"file-759\" \/><\/span>\n\t<\/p>\n\t<p><span style=\"color:#fff; font-size:10px;\"> Maximum file size: 2 MB<\/span>\n\t<\/p>\n<\/div>\n<div class=\"form-right\">\n\t<p><br \/>\n<span class=\"wpcf7-form-control-wrap\" data-name=\"your-message\"><textarea cols=\"32\" rows=\"8\" maxlength=\"2000\" class=\"wpcf7-form-control wpcf7-textarea wpcf7-validates-as-required\" aria-required=\"true\" aria-invalid=\"false\" placeholder=\"Text*\" name=\"your-message\"><\/textarea><\/span>\n\t<\/p>\n\t<p><br \/>\n<input class=\"wpcf7-form-control wpcf7-submit has-spinner btn\" type=\"submit\" value=\"Send\" \/>\n\t<\/p>\n<\/div><p style=\"display: none !important;\" class=\"akismet-fields-container\" data-prefix=\"_wpcf7_ak_\"><label>&#916;<textarea name=\"_wpcf7_ak_hp_textarea\" cols=\"45\" rows=\"8\" maxlength=\"100\"><\/textarea><\/label><input type=\"hidden\" id=\"ak_js_2\" name=\"_wpcf7_ak_js\" value=\"74\"\/><script>document.getElementById( \"ak_js_2\" ).setAttribute( \"value\", ( new Date() ).getTime() );<\/script><\/p><div class=\"wpcf7-response-output\" aria-hidden=\"true\"><\/div>\n<\/form>\n<\/div>\n<\/p>","protected":false},"excerpt":{"rendered":"<p>Kotulla Kwa\u015bniewicz Mazur Kancelaria Radc\u00f3w Prawnych \u201eCASUS IURIS\u201d Sp\u00f3\u0142ka Jawna ul. Powsta\u0144c\u00f3w \u015al\u0105skich 7A (budynek GLOBIS), 53-332 Wroc\u0142aw tel. (+71) 3384537, 3384550, 3384256, 3619541 e-mail: casus@casus.wroc.pl<\/p>\n","protected":false},"author":1,"featured_media":43,"parent":0,"menu_order":8,"comment_status":"open","ping_status":"open","template":"contact.php","meta":{"footnotes":""},"tags":[],"class_list":["post-25","page","type-page","status-publish","has-post-thumbnail","hentry"],"aioseo_notices":[],"_links":{"self":[{"href":"https:\/\/www.casus.wroc.pl\/en\/wp-json\/wp\/v2\/pages\/25"}],"collection":[{"href":"https:\/\/www.casus.wroc.pl\/en\/wp-json\/wp\/v2\/pages"}],"about":[{"href":"https:\/\/www.casus.wroc.pl\/en\/wp-json\/wp\/v2\/types\/page"}],"author":[{"embeddable":true,"href":"https:\/\/www.casus.wroc.pl\/en\/wp-json\/wp\/v2\/users\/1"}],"replies":[{"embeddable":true,"href":"https:\/\/www.casus.wroc.pl\/en\/wp-json\/wp\/v2\/comments?post=25"}],"version-history":[{"count":5,"href":"https:\/\/www.casus.wroc.pl\/en\/wp-json\/wp\/v2\/pages\/25\/revisions"}],"predecessor-version":[{"id":1255,"href":"https:\/\/www.casus.wroc.pl\/en\/wp-json\/wp\/v2\/pages\/25\/revisions\/1255"}],"wp:featuredmedia":[{"embeddable":true,"href":"https:\/\/www.casus.wroc.pl\/en\/wp-json\/wp\/v2\/media\/43"}],"wp:attachment":[{"href":"https:\/\/www.casus.wroc.pl\/en\/wp-json\/wp\/v2\/media?parent=25"}],"wp:term":[{"taxonomy":"post_tag","embeddable":true,"href":"https:\/\/www.casus.wroc.pl\/en\/wp-json\/wp\/v2\/tags?post=25"}],"curies":[{"name":"wp","href":"https:\/\/api.w.org\/{rel}","templated":true}]}}