{"id":9,"date":"2014-02-02T19:50:36","date_gmt":"2014-02-02T19:50:36","guid":{"rendered":"http:\/\/www.casus.wroc.pl\/?page_id=9"},"modified":"2014-07-15T13:56:47","modified_gmt":"2014-07-15T13:56:47","slug":"o-kancelarii","status":"publish","type":"page","link":"https:\/\/www.casus.wroc.pl\/en\/o-kancelarii\/","title":{"rendered":"About the Legal Office"},"content":{"rendered":"<p><\/p>\n<p><p class=\"gradient gradient-gold\">The Legal Office was founded on 16th of September 1991 by the legal adviser Violetta Anweiler and the legal adviser Piotr D\u0119bski. The name of the Legal Office was CASUS Legal Office civil law partnership. From the very beginnings of the Legal Office, its registered seat was situated in Wroc\u0142aw &#8211; the capital of Lower Silesia.<\/p>\n<p style=\"text-align: justify;\">In 1994, the legal adviser Eleonora Szantyr became a partner of the Legal Office.<\/p>\n<p style=\"text-align: justify;\">In 2001, the Legal Office changed its current name to V.Anweiler, P.D\u0119bski, E.Szantyr Legal Advisers Office CASUS civil law partnership. This name of the Legal Office remained unchanged until 2008, however, its legal and organizational form was changed in 2002. The Legal Office underwent a transformation from a civil law partnership into a registered partnership.<\/p>\n<p style=\"text-align: justify;\">After new partners, the legal adviser Magdalena Kotulla and the legal adviser Krzysztof Kwa\u015bniewicz, had entered the company, and due to the necessity to distinct the name of the Legal Office from other companies on the market of legal services its name was changed in 2008 into V.Anweiler, P.D\u0119bski, E.Szantyr and Partners Legal Adviser\u2019s Office CASUS IURIS registered company.<\/p>\n<p style=\"text-align: justify;\">After new partners, the legal adviser Magdalena Kotulla and the legal adviser Krzysztof Kwa\u015bniewicz, had entered the company, and due to the necessity to distinct the name of the Legal Office from other companies on the market of legal services its name was changed in 2008 into V.Anweiler, P.D\u0119bski, E.Szantyr and Partners Legal Adviser\u2019s Office CASUS IURIS registered company.<\/p>\n<p class=\"gradient gradient-gold\" style=\"text-align: justify;\">In 2011, the Legal Office celebrated the 20th anniversary of its existence.<\/p>\n<p style=\"text-align: justify;\">21st of July 2012, one of the members of the partnership, the legal adviser Eleonora Szantyr, passed away suddenly and unexpectedly. Due to her death, the Legal Office lost not only a partner but also an outstanding specialist.<\/p>\n<p style=\"text-align: justify;\">Since March 2014, the Legal Office functions under the name of V.Anweiler, P.D\u0119bski, M.Kotulla, K.Kwa\u015bniewicz Legal Advisers Office CASUS IURIS registered company.<\/p>\n<p>\u00a0<\/p>\n<p>\u00a0<\/p>\n<p>\u00a0<\/p>\n<\/p>\n<p><\/p>","protected":false},"excerpt":{"rendered":"<p>Od 20 lat z powodzeniem wsp\u00f3\u0142pracujemy z polskimi oraz zagranicznymi podmiotami gospodarczymi, \u015bwiadcz\u0105c na ich rzecz kompleksow\u0105 obs\u0142ug\u0119 prawn\u0105. Naszymi klientami s\u0105 zar\u00f3wno mali i \u015bredni przedsi\u0119biorcy, jak i du\u017ce polskie oraz mi\u0119dzynarodowe koncerny o r\u00f3\u017cnym profilu dzia\u0142alno\u015bci, a tak\u017ce jednostki samorz\u0105du terytorialnego oraz organy administracji pa\u0144stwowej<\/p>\n","protected":false},"author":1,"featured_media":53,"parent":0,"menu_order":9,"comment_status":"open","ping_status":"open","template":"about-page.php","meta":{"footnotes":""},"tags":[],"class_list":["post-9","page","type-page","status-publish","has-post-thumbnail","hentry"],"aioseo_notices":[],"_links":{"self":[{"href":"https:\/\/www.casus.wroc.pl\/en\/wp-json\/wp\/v2\/pages\/9"}],"collection":[{"href":"https:\/\/www.casus.wroc.pl\/en\/wp-json\/wp\/v2\/pages"}],"about":[{"href":"https:\/\/www.casus.wroc.pl\/en\/wp-json\/wp\/v2\/types\/page"}],"author":[{"embeddable":true,"href":"https:\/\/www.casus.wroc.pl\/en\/wp-json\/wp\/v2\/users\/1"}],"replies":[{"embeddable":true,"href":"https:\/\/www.casus.wroc.pl\/en\/wp-json\/wp\/v2\/comments?post=9"}],"version-history":[{"count":36,"href":"https:\/\/www.casus.wroc.pl\/en\/wp-json\/wp\/v2\/pages\/9\/revisions"}],"predecessor-version":[{"id":434,"href":"https:\/\/www.casus.wroc.pl\/en\/wp-json\/wp\/v2\/pages\/9\/revisions\/434"}],"wp:featuredmedia":[{"embeddable":true,"href":"https:\/\/www.casus.wroc.pl\/en\/wp-json\/wp\/v2\/media\/53"}],"wp:attachment":[{"href":"https:\/\/www.casus.wroc.pl\/en\/wp-json\/wp\/v2\/media?parent=9"}],"wp:term":[{"taxonomy":"post_tag","embeddable":true,"href":"https:\/\/www.casus.wroc.pl\/en\/wp-json\/wp\/v2\/tags?post=9"}],"curies":[{"name":"wp","href":"https:\/\/api.w.org\/{rel}","templated":true}]}}